{"id":53,"date":"2023-07-01T01:03:49","date_gmt":"2023-07-01T01:03:49","guid":{"rendered":"https:\/\/perudrill.com.pe\/?page_id=53"},"modified":"2024-02-25T23:07:30","modified_gmt":"2024-02-26T04:07:30","slug":"quienes-somos","status":"publish","type":"page","link":"https:\/\/perudrill.com.pe\/es\/quienes-somos\/","title":{"rendered":"Qui\u00e9nes Somos"},"content":{"rendered":"<h2>Qui\u00e9nes Somos<\/h2>\n<h2>PER\u00da DRILL SAC<\/h2>\n<p>Empresa Peruana L\u00edder en Perforaci\u00f3n y extracci\u00f3n de agua de subsuelo.<\/p>\n<p>\t\t\t\t\t\t\t\t\t\t\t\t\t<img fetchpriority=\"high\" decoding=\"async\" width=\"800\" height=\"600\" src=\"https:\/\/perudrill.com.pe\/wp-content\/uploads\/2023\/07\/Diseno-sin-titulo-3.png\" alt=\"\" srcset=\"https:\/\/i0.wp.com\/perudrill.com.pe\/wp-content\/uploads\/2023\/07\/Diseno-sin-titulo-3.png?w=800&amp;ssl=1 800w, https:\/\/i0.wp.com\/perudrill.com.pe\/wp-content\/uploads\/2023\/07\/Diseno-sin-titulo-3.png?resize=300%2C225&amp;ssl=1 300w, https:\/\/i0.wp.com\/perudrill.com.pe\/wp-content\/uploads\/2023\/07\/Diseno-sin-titulo-3.png?resize=768%2C576&amp;ssl=1 768w\" sizes=\"(max-width: 800px) 100vw, 800px\" \/>\t\t\t\t\t\t\t\t\t\t\t\t\t<\/p>\n<h2>Qui\u00e9nes Somos<\/h2>\n<p>Somos una empresa de or\u00edgenes Turcos, con m\u00e1s de 30 a\u00f1os de experiencia operando en el rubro de Perforaci\u00f3n de Pozos de Agua. Desde el 2013, opera en Per\u00fa, atendiendo con nuestro servicio a diferentes sectores de la industria. Tenemos un selecto plantel de ingenieros peruanos y extranjeros, t\u00e9cnicos y operadores altamente calificados en todas las especialidades comerciales y operacionales. Combinamos experiencia, juventud y compromiso profesional.<\/p>\n<p>\t\t\t<a href=\"https:\/\/perudrill.com.pe\/es\/\"><br \/>\n\t\t\t\t\t\tMas Informaci\u00f3n<br \/>\n\t\t\t\t\t<\/a><\/p>\n<h2>Nuestro Valores y Objetivos<\/h2>\n<h3>\n\t\t\t\t\t\tNuestra misi\u00f3n<br \/>\n\t\t\t\t<\/h3>\n<p>\n\t\t\t\t\t\tBrindar soluciones a poblaciones y\/o compa\u00f1\u00edas que se encuentran limitadas en su desarrollo por los escases de agua.\t\t\t\t\t<\/p>\n<h3>\n\t\t\t\t\t\tNuestra Visi\u00f3n<br \/>\n\t\t\t\t<\/h3>\n<p>\n\t\t\t\t\t\tSer reconocidas a nivel nacional como una empresa de altos est\u00e1ndares de calidad en perforaci\u00f3n de pozos subterr\u00e1neos.\t\t\t\t\t<\/p>\n<h3>\n\t\t\t\t\t\tNuestros Valores<br \/>\n\t\t\t\t<\/h3>\n<p>\n\t\t\t\t\t\tTrabajo en Equipo, Compromiso , Profesionalismo , Productividad.\n\t\t\t\t\t<\/p>\n<h3>\n\t\t\t\t\t\tEquipo Profesional<br \/>\n\t\t\t\t<\/h3>\n<p>\n\t\t\t\t\t\tSomos un equipo de Ingenieros con amplia experiencia de extracci\u00f3n  de agua de subsuelo.\t\t\t\t\t<\/p>\n<h1><a href=\"http:\/\/rill\">CEO DE PER\u00da DRILL SAC<\/a><\/h1>\n<p>Ing. Geologo Profesional, experto en Perforaci\u00f3n de Pozo de Agua, con mas de 30 a\u00f1os de experiencia.<\/p>\n<p>ING. HUSEYIN KALKAN<\/p>\n<p>\t\t\t\t\t\t\t\t\t\t\t\t\t<img decoding=\"async\" width=\"225\" height=\"300\" src=\"https:\/\/perudrill.com.pe\/wp-content\/uploads\/2023\/07\/Perudrill-CEO-225x300.jpeg\" alt=\"\" srcset=\"https:\/\/i0.wp.com\/perudrill.com.pe\/wp-content\/uploads\/2023\/07\/Perudrill-CEO.jpeg?resize=225%2C300&amp;ssl=1 225w, https:\/\/i0.wp.com\/perudrill.com.pe\/wp-content\/uploads\/2023\/07\/Perudrill-CEO.jpeg?resize=9%2C12&amp;ssl=1 9w, https:\/\/i0.wp.com\/perudrill.com.pe\/wp-content\/uploads\/2023\/07\/Perudrill-CEO.jpeg?w=540&amp;ssl=1 540w\" sizes=\"(max-width: 225px) 100vw, 225px\" \/>\t\t\t\t\t\t\t\t\t\t\t\t\t<\/p>\n<h2>Nuestros Servicios | Productos<\/h2>\n<figure>\n\t\t\t\t<img width=\"768\" height=\"768\" src=\"https:\/\/perudrill.com.pe\/wp-content\/uploads\/2023\/07\/Maintenance-cleaning-of-mining-wells-engineers-operating-with-machines-1-768x768.png\" alt=\"Limpieza de pozo de agua\" decoding=\"async\" srcset=\"https:\/\/i0.wp.com\/perudrill.com.pe\/wp-content\/uploads\/2023\/07\/Maintenance-cleaning-of-mining-wells-engineers-operating-with-machines-1.png?resize=768%2C768&amp;ssl=1 768w, https:\/\/i0.wp.com\/perudrill.com.pe\/wp-content\/uploads\/2023\/07\/Maintenance-cleaning-of-mining-wells-engineers-operating-with-machines-1.png?resize=300%2C300&amp;ssl=1 300w, https:\/\/i0.wp.com\/perudrill.com.pe\/wp-content\/uploads\/2023\/07\/Maintenance-cleaning-of-mining-wells-engineers-operating-with-machines-1.png?resize=1024%2C1024&amp;ssl=1 1024w, https:\/\/i0.wp.com\/perudrill.com.pe\/wp-content\/uploads\/2023\/07\/Maintenance-cleaning-of-mining-wells-engineers-operating-with-machines-1.png?resize=150%2C150&amp;ssl=1 150w, https:\/\/i0.wp.com\/perudrill.com.pe\/wp-content\/uploads\/2023\/07\/Maintenance-cleaning-of-mining-wells-engineers-operating-with-machines-1.png?w=1080&amp;ssl=1 1080w\" sizes=\"(max-width: 768px) 100vw, 768px\" \/>\t\t\t<\/figure>\n<h2>Mantenimiento de pozo<\/h2>\n<p>Servicio de mantenimiento general de pozos de agua.<\/p>\n<p>\t\t\t<a href=\"https:\/\/perudrill.com.pe\/es\/services\/\">Servicios<\/a>\t\t<\/p>\n<figure>\n\t\t\t\t<img loading=\"lazy\" width=\"768\" height=\"749\" src=\"https:\/\/perudrill.com.pe\/wp-content\/uploads\/2023\/07\/servicio-de-voladura-768x749.jpg\" alt=\"\" decoding=\"async\" srcset=\"https:\/\/i0.wp.com\/perudrill.com.pe\/wp-content\/uploads\/2023\/07\/servicio-de-voladura.jpg?resize=768%2C749&amp;ssl=1 768w, https:\/\/i0.wp.com\/perudrill.com.pe\/wp-content\/uploads\/2023\/07\/servicio-de-voladura.jpg?resize=300%2C293&amp;ssl=1 300w, https:\/\/i0.wp.com\/perudrill.com.pe\/wp-content\/uploads\/2023\/07\/servicio-de-voladura.jpg?resize=1024%2C998&amp;ssl=1 1024w, https:\/\/i0.wp.com\/perudrill.com.pe\/wp-content\/uploads\/2023\/07\/servicio-de-voladura.jpg?w=1441&amp;ssl=1 1441w\" sizes=\"(max-width: 768px) 100vw, 768px\" \/>\t\t\t<\/figure>\n<h2>Perforaci\u00f3n &amp; Voladura<\/h2>\n<p>Servicio de Voladura para el sector Minero.<\/p>\n<p>\t\t\t<a href=\"https:\/\/perudrill.com.pe\/es\/services\/\">Servicios<\/a>\t\t<\/p>\n<figure>\n\t\t\t\t<img loading=\"lazy\" width=\"768\" height=\"764\" src=\"https:\/\/perudrill.com.pe\/wp-content\/uploads\/2023\/07\/WhatsApp-Image-2023-07-03-at-15.40.03-768x764.jpeg\" alt=\"\" decoding=\"async\" srcset=\"https:\/\/i0.wp.com\/perudrill.com.pe\/wp-content\/uploads\/2023\/07\/WhatsApp-Image-2023-07-03-at-15.40.03.jpeg?resize=768%2C764&amp;ssl=1 768w, https:\/\/i0.wp.com\/perudrill.com.pe\/wp-content\/uploads\/2023\/07\/WhatsApp-Image-2023-07-03-at-15.40.03.jpeg?resize=300%2C298&amp;ssl=1 300w, https:\/\/i0.wp.com\/perudrill.com.pe\/wp-content\/uploads\/2023\/07\/WhatsApp-Image-2023-07-03-at-15.40.03.jpeg?resize=1024%2C1018&amp;ssl=1 1024w, https:\/\/i0.wp.com\/perudrill.com.pe\/wp-content\/uploads\/2023\/07\/WhatsApp-Image-2023-07-03-at-15.40.03.jpeg?resize=150%2C150&amp;ssl=1 150w, https:\/\/i0.wp.com\/perudrill.com.pe\/wp-content\/uploads\/2023\/07\/WhatsApp-Image-2023-07-03-at-15.40.03.jpeg?w=1439&amp;ssl=1 1439w\" sizes=\"(max-width: 768px) 100vw, 768px\" \/>\t\t\t<\/figure>\n<h2>Bomba sumergible<\/h2>\n<p>Venta, Alquiler, Mantenimiento de Bomba lodo.<\/p>\n<p>\t\t\t<a href=\"https:\/\/perudrill.com.pe\/es\/productos\/\">Productos<\/a>\t\t<\/p>\n<figure>\n\t\t\t\t<img loading=\"lazy\" width=\"768\" height=\"571\" src=\"https:\/\/perudrill.com.pe\/wp-content\/uploads\/2023\/07\/WhatsApp-Image-2023-07-03-at-15.19.58-768x571.jpeg\" alt=\"\" decoding=\"async\" srcset=\"https:\/\/i0.wp.com\/perudrill.com.pe\/wp-content\/uploads\/2023\/07\/WhatsApp-Image-2023-07-03-at-15.19.58.jpeg?resize=768%2C571&amp;ssl=1 768w, https:\/\/i0.wp.com\/perudrill.com.pe\/wp-content\/uploads\/2023\/07\/WhatsApp-Image-2023-07-03-at-15.19.58.jpeg?resize=300%2C223&amp;ssl=1 300w, https:\/\/i0.wp.com\/perudrill.com.pe\/wp-content\/uploads\/2023\/07\/WhatsApp-Image-2023-07-03-at-15.19.58.jpeg?resize=1024%2C761&amp;ssl=1 1024w, https:\/\/i0.wp.com\/perudrill.com.pe\/wp-content\/uploads\/2023\/07\/WhatsApp-Image-2023-07-03-at-15.19.58.jpeg?w=1439&amp;ssl=1 1439w\" sizes=\"(max-width: 768px) 100vw, 768px\" \/>\t\t\t<\/figure>\n<h2>Maquinaria Drill para Perforaci\u00f3n<\/h2>\n<p>Venta de Maquinar\u00edas Para perforaci\u00f3n de pozos de agua.<\/p>\n<p>\t\t\t<a href=\"https:\/\/perudrill.com.pe\/es\/productos\/\">Productos<\/a><\/p>","protected":false},"excerpt":{"rendered":"<p>Qui\u00e9nes Somos PER\u00da DRILL SAC Empresa Peruana L\u00edder en Perforaci\u00f3n y extracci\u00f3n de agua de subsuelo. Qui\u00e9nes Somos Somos una empresa de or\u00edgenes Turcos, con m\u00e1s de 30 a\u00f1os de experiencia operando en el rubro de Perforaci\u00f3n de Pozos de Agua. Desde el 2013, opera en Per\u00fa, atendiendo con nuestro servicio a diferentes sectores de&#8230;<\/p>","protected":false},"author":1,"featured_media":0,"parent":0,"menu_order":0,"comment_status":"closed","ping_status":"closed","template":"","meta":{"_kad_blocks_custom_css":"","_kad_blocks_head_custom_js":"","_kad_blocks_body_custom_js":"","_kad_blocks_footer_custom_js":"","_kadence_starter_templates_imported_post":false,"_kad_post_transparent":"","_kad_post_title":"","_kad_post_layout":"","_kad_post_sidebar_id":"","_kad_post_content_style":"","_kad_post_vertical_padding":"","_kad_post_feature":"","_kad_post_feature_position":"","_kad_post_header":false,"_kad_post_footer":false,"_kad_post_classname":"","footnotes":""},"class_list":["post-53","page","type-page","status-publish","hentry"],"taxonomy_info":[],"featured_image_src_large":false,"author_info":{"display_name":"admin","author_link":"https:\/\/perudrill.com.pe\/es\/author\/admin_hsdll68n\/"},"comment_info":0,"_links":{"self":[{"href":"https:\/\/perudrill.com.pe\/es\/wp-json\/wp\/v2\/pages\/53","targetHints":{"allow":["GET"]}}],"collection":[{"href":"https:\/\/perudrill.com.pe\/es\/wp-json\/wp\/v2\/pages"}],"about":[{"href":"https:\/\/perudrill.com.pe\/es\/wp-json\/wp\/v2\/types\/page"}],"author":[{"embeddable":true,"href":"https:\/\/perudrill.com.pe\/es\/wp-json\/wp\/v2\/users\/1"}],"replies":[{"embeddable":true,"href":"https:\/\/perudrill.com.pe\/es\/wp-json\/wp\/v2\/comments?post=53"}],"version-history":[{"count":5,"href":"https:\/\/perudrill.com.pe\/es\/wp-json\/wp\/v2\/pages\/53\/revisions"}],"predecessor-version":[{"id":2988,"href":"https:\/\/perudrill.com.pe\/es\/wp-json\/wp\/v2\/pages\/53\/revisions\/2988"}],"wp:attachment":[{"href":"https:\/\/perudrill.com.pe\/es\/wp-json\/wp\/v2\/media?parent=53"}],"curies":[{"name":"wp","href":"https:\/\/api.w.org\/{rel}","templated":true}]}}